{"id":10,"date":"2016-10-26T23:50:07","date_gmt":"2016-10-26T21:50:07","guid":{"rendered":"http:\/\/medovasamota.cz\/domains\/medovasamota.cz\/?page_id=10"},"modified":"2026-04-03T21:02:37","modified_gmt":"2026-04-03T19:02:37","slug":"kontakt","status":"publish","type":"page","link":"https:\/\/medovasamota.cz\/domains\/medovasamota.cz\/kontakt\/","title":{"rendered":"Kontakt"},"content":{"rendered":"\t\t<div data-elementor-type=\"wp-page\" data-elementor-id=\"10\" class=\"elementor elementor-10\">\n\t\t\t\t<div class=\"elementor-element elementor-element-a338ae3 e-flex e-con-boxed e-con e-parent\" data-id=\"a338ae3\" data-element_type=\"container\" data-e-type=\"container\">\n\t\t\t\t\t<div class=\"e-con-inner\">\n\t\t\t\t<div class=\"elementor-element elementor-element-b439ed0 elementor-widget elementor-widget-text-editor\" data-id=\"b439ed0\" data-element_type=\"widget\" data-e-type=\"widget\" data-widget_type=\"text-editor.default\">\n\t\t\t\t<div class=\"elementor-widget-container\">\n\t\t\t\t\t\t\t\t\t<h3><span style=\"font-size: 18pt;\">Ing. Ond\u0159ej Cidlina<\/span><\/h3><p><span style=\"font-size: 18pt;\"><strong>+420 777 913 531<\/strong><\/span><\/p><p><span style=\"font-size: 18pt;\"><strong>\u0160tolm\u00ed\u0159 99<\/strong><\/span><\/p><p><span style=\"font-size: 18pt;\"><strong>282 01 \u00a0 \u00a0\u010cesk\u00fd Brod<\/strong><\/span><\/p><p><span style=\"font-size: 14pt;\"><strong>POHODLN\u00c9 PARKOV\u00c1N\u00cd &#8211; samota &#8222;U sedmi v\u011btr\u016f&#8220; mezi Kounicemi a \u010cesk\u00fdm Brodem &#8211; zvo\u0148te nebo volejte<\/strong><\/span><\/p><p><span style=\"font-size: 14pt;\"><strong>mo\u017enost bezhotovostn\u00ed platby pomoc\u00ed QR kodu<\/strong><\/span><\/p><p><span style=\"font-size: 14pt;\"><strong>k zasti\u017een\u00ed jsme prakticky ka\u017ed\u00fd den mezi 8 a 20 hodinou. Pokud jedete z v\u011bt\u0161\u00ed d\u00e1lky, rad\u011bji dop\u0159edu volejte.<\/strong><\/span><\/p>\t\t\t\t\t\t\t\t<\/div>\n\t\t\t\t<\/div>\n\t\t\t\t\t<\/div>\n\t\t\t\t<\/div>\n\t\t<div class=\"elementor-element elementor-element-999de65 e-flex e-con-boxed e-con e-parent\" data-id=\"999de65\" data-element_type=\"container\" data-e-type=\"container\">\n\t\t\t\t\t<div class=\"e-con-inner\">\n\t\t\t\t<div class=\"elementor-element elementor-element-baaf623 elementor-widget elementor-widget-google_maps\" data-id=\"baaf623\" data-element_type=\"widget\" data-e-type=\"widget\" data-widget_type=\"google_maps.default\">\n\t\t\t\t<div class=\"elementor-widget-container\">\n\t\t\t\t\t\t\t<div class=\"elementor-custom-embed\">\n\t\t\t<iframe loading=\"lazy\"\n\t\t\t\t\tsrc=\"https:\/\/maps.google.com\/maps?q=%C5%A1tolm%C3%AD%C5%99%2099&#038;t=m&#038;z=12&#038;output=embed&#038;iwloc=near\"\n\t\t\t\t\ttitle=\"\u0161tolm\u00ed\u0159 99\"\n\t\t\t\t\taria-label=\"\u0161tolm\u00ed\u0159 99\"\n\t\t\t><\/iframe>\n\t\t<\/div>\n\t\t\t\t\t\t<\/div>\n\t\t\t\t<\/div>\n\t\t\t\t\t<\/div>\n\t\t\t\t<\/div>\n\t\t\t\t<\/div>\n\t\t","protected":false},"excerpt":{"rendered":"<p>Ing. Ond\u0159ej Cidlina +420 777 913 531 \u0160tolm\u00ed\u0159 99 282 01 \u00a0 \u00a0\u010cesk\u00fd Brod POHODLN\u00c9 PARKOV\u00c1N\u00cd &#8211; samota &#8222;U sedmi v\u011btr\u016f&#8220; mezi Kounicemi a \u010cesk\u00fdm Brodem &#8211; zvo\u0148te nebo volejte mo\u017enost bezhotovostn\u00ed platby pomoc\u00ed QR kodu k zasti\u017een\u00ed jsme prakticky ka\u017ed\u00fd den mezi 8 a 20 hodinou. Pokud jedete z v\u011bt\u0161\u00ed d\u00e1lky, rad\u011bji dop\u0159edu volejte.<\/p>\n","protected":false},"author":1,"featured_media":989,"parent":0,"menu_order":0,"comment_status":"closed","ping_status":"closed","template":"elementor_header_footer","meta":{"footnotes":""},"class_list":["post-10","page","type-page","status-publish","has-post-thumbnail","hentry"],"_links":{"self":[{"href":"https:\/\/medovasamota.cz\/domains\/medovasamota.cz\/wp-json\/wp\/v2\/pages\/10","targetHints":{"allow":["GET"]}}],"collection":[{"href":"https:\/\/medovasamota.cz\/domains\/medovasamota.cz\/wp-json\/wp\/v2\/pages"}],"about":[{"href":"https:\/\/medovasamota.cz\/domains\/medovasamota.cz\/wp-json\/wp\/v2\/types\/page"}],"author":[{"embeddable":true,"href":"https:\/\/medovasamota.cz\/domains\/medovasamota.cz\/wp-json\/wp\/v2\/users\/1"}],"replies":[{"embeddable":true,"href":"https:\/\/medovasamota.cz\/domains\/medovasamota.cz\/wp-json\/wp\/v2\/comments?post=10"}],"version-history":[{"count":107,"href":"https:\/\/medovasamota.cz\/domains\/medovasamota.cz\/wp-json\/wp\/v2\/pages\/10\/revisions"}],"predecessor-version":[{"id":1115,"href":"https:\/\/medovasamota.cz\/domains\/medovasamota.cz\/wp-json\/wp\/v2\/pages\/10\/revisions\/1115"}],"wp:featuredmedia":[{"embeddable":true,"href":"https:\/\/medovasamota.cz\/domains\/medovasamota.cz\/wp-json\/wp\/v2\/media\/989"}],"wp:attachment":[{"href":"https:\/\/medovasamota.cz\/domains\/medovasamota.cz\/wp-json\/wp\/v2\/media?parent=10"}],"curies":[{"name":"wp","href":"https:\/\/api.w.org\/{rel}","templated":true}]}}