{"id":182,"date":"2017-04-06T21:26:36","date_gmt":"2017-04-06T19:26:36","guid":{"rendered":"http:\/\/medovasamota.cz\/domains\/medovasamota.cz\/?page_id=182"},"modified":"2026-04-04T14:33:20","modified_gmt":"2026-04-04T12:33:20","slug":"tepelna-cerpadla-a-klimatizace","status":"publish","type":"page","link":"https:\/\/medovasamota.cz\/domains\/medovasamota.cz\/tepelna-cerpadla-a-klimatizace\/","title":{"rendered":"Tepeln\u00e1 \u010derpadla a klimatizace"},"content":{"rendered":"\t\t<div data-elementor-type=\"wp-page\" data-elementor-id=\"182\" class=\"elementor elementor-182\">\n\t\t\t\t<div class=\"elementor-element elementor-element-6c49027 e-flex e-con-boxed e-con e-parent\" data-id=\"6c49027\" data-element_type=\"container\" data-e-type=\"container\">\n\t\t\t\t\t<div class=\"e-con-inner\">\n\t\t\t\t<div class=\"elementor-element elementor-element-748dae54 elementor-widget elementor-widget-text-editor\" data-id=\"748dae54\" data-element_type=\"widget\" data-e-type=\"widget\" data-widget_type=\"text-editor.default\">\n\t\t\t\t<div class=\"elementor-widget-container\">\n\t\t\t\t\t\t\t\t\t<div id=\"wnd_PageZone_1\" class=\"wnd-page color-wine\" data-wnd_mvc_type=\"wnd.pc.PageZone\" data-wnd_color_scheme=\"default\">\n<div id=\"wrapper\">\n<div id=\"wnd_SectionWrapper_34321\" class=\"section-wrapper cf\" data-wnd_mvc_type=\"wnd.pc.SectionWrapper\">\n<div id=\"wnd_SectionWrapper_34321_container\" class=\"section-wrapper-content cf\">\n<section id=\"wnd_Section_default_65824\" class=\"section default-01 design-01 wsection-media-light wnd-background-pattern\" data-wnd_mvc_type=\"wnd.pc.Section\">\n<div class=\"section-inner\">\n<div id=\"wnd_EditZone_61578\" class=\"content cf wnd-no-cols\" data-wnd_mvc_type=\"wnd.pc.EditZone\">\n<div id=\"wnd_EditZone_61578_container\">\n<div id=\"wnd_MicroTemplate_03_column_24228\" class=\"mt mt-03-column pr cf\" data-wnd_mvc_type=\"wnd.pc.MicroTemplate\">\n<div class=\"embed-content\">&nbsp;<\/div>\n<div id=\"wnd_MicroTemplate_03_column_24228_container\" class=\"cf\">\n<div id=\"wnd_MicroTemplateCell_03_column_41552\" class=\"column cf\" data-wnd_mvc_type=\"wnd.pc.MicroTemplateCell\" data-wnd_ref_object=\"2\">\n<div id=\"wnd_TextBlock_75\" class=\"text cf design-01\" data-wnd_mvc_type=\"wnd.pc.TextBlock\">\n<div id=\"wnd_TextBlock_75_wsw\" class=\"text-content wnd-touchwysiwyg\" data-wnd_text_container=\"1\" data-wnd_placeholder=\"Klikn\u011bte zde a p\u0159idejte text...\">\n<div class=\"elementor-element elementor-element-4cf36f2 elementor-widget elementor-widget-heading\" data-id=\"4cf36f2\" data-element_type=\"widget\" data-e-type=\"widget\" data-widget_type=\"heading.default\">\n<div class=\"elementor-widget-container\">\n<p class=\"elementor-heading-title elementor-size-default\"><span style=\"font-size: 18pt;\"><strong><span style=\"color: #000000; font-family: arial, helvetica, sans-serif;\">PROD\u00c1V\u00c1M TEPELN\u00c1 \u010cERPADLA a KLIMATIZACE<\/span><\/strong><\/span><\/p>\n<\/div>\n<\/div>\n<div class=\"elementor-widget-container\">\n<div><span style=\"font-size: 18pt;\"><strong><span style=\"font-family: arial, helvetica, sans-serif; color: #000000;\">&nbsp;&nbsp;<\/span><\/strong><\/span><\/div>\n<\/div>\n<div class=\"elementor-element elementor-element-b19ee89 elementor-widget elementor-widget-heading\" data-id=\"b19ee89\" data-element_type=\"widget\" data-e-type=\"widget\" data-widget_type=\"heading.default\">\n<div class=\"elementor-widget-container\">\n<p class=\"elementor-heading-title elementor-size-default\"><span style=\"font-size: 18pt;\"><strong><span style=\"font-family: arial, helvetica, sans-serif; color: #000000;\">V\u00ddPO\u010cTY, N\u00c1VRHY A ROZPO\u010cTY &#8211; L\u00c9TA PRAXE &#8211; SPOLUPR\u00c1CE S PROFESION\u00c1LY<\/span><\/strong><\/span><\/p>\n<p class=\"elementor-heading-title elementor-size-default\"><span style=\"font-size: 18pt;\"><strong><span style=\"font-family: arial, helvetica, sans-serif; color: #000000;\">&nbsp;<\/span><\/strong><\/span><\/p>\n<p><span style=\"font-size: 18pt;\"><strong><span style=\"font-family: arial, helvetica, sans-serif; color: #000000;\">ZAJI\u0160T\u011aNA AUTORIZOVAN\u00c1 INSTALACE &#8211; Z\u00c1RU\u010cN\u00cd A POZ\u00c1RU\u010cN\u00cd SERVIS<\/span><\/strong><\/span><\/p>\n<div class=\"elementor-widget-container\">\n<div class=\"elementor-icon-box-wrapper\">\n<div class=\"elementor-icon-box-content\">\n<h4 class=\"elementor-icon-box-title\"><span style=\"font-size: 18pt;\"><strong>&nbsp;w<a style=\"background-color: #ffffff; color: #000000;\" href=\"https:\/\/chlazeni-topeni.cz\/\">ww.chlazeni-topeni.cz<\/a><\/strong><\/span><\/h4>\n<\/div>\n<\/div>\n<\/div>\n<\/div>\n<\/div>\n<\/div>\n<\/div>\n<\/div>\n<\/div>\n<\/div>\n<\/div>\n<\/div>\n<\/div>\n<\/section>\n<\/div>\n<\/div>\n<\/div>\n<\/div>\t\t\t\t\t\t\t\t<\/div>\n\t\t\t\t<\/div>\n\t\t\t\t\t<\/div>\n\t\t\t\t<\/div>\n\t\t\t\t<\/div>\n\t\t","protected":false},"excerpt":{"rendered":"<p>&nbsp; PROD\u00c1V\u00c1M TEPELN\u00c1 \u010cERPADLA a KLIMATIZACE &nbsp;&nbsp; V\u00ddPO\u010cTY, N\u00c1VRHY A ROZPO\u010cTY &#8211; L\u00c9TA PRAXE &#8211; SPOLUPR\u00c1CE S PROFESION\u00c1LY &nbsp; ZAJI\u0160T\u011aNA AUTORIZOVAN\u00c1 INSTALACE &#8211; Z\u00c1RU\u010cN\u00cd A POZ\u00c1RU\u010cN\u00cd SERVIS &nbsp;www.chlazeni-topeni.cz<\/p>\n","protected":false},"author":1,"featured_media":0,"parent":0,"menu_order":0,"comment_status":"closed","ping_status":"closed","template":"elementor_header_footer","meta":{"footnotes":""},"class_list":["post-182","page","type-page","status-publish","hentry"],"_links":{"self":[{"href":"https:\/\/medovasamota.cz\/domains\/medovasamota.cz\/wp-json\/wp\/v2\/pages\/182","targetHints":{"allow":["GET"]}}],"collection":[{"href":"https:\/\/medovasamota.cz\/domains\/medovasamota.cz\/wp-json\/wp\/v2\/pages"}],"about":[{"href":"https:\/\/medovasamota.cz\/domains\/medovasamota.cz\/wp-json\/wp\/v2\/types\/page"}],"author":[{"embeddable":true,"href":"https:\/\/medovasamota.cz\/domains\/medovasamota.cz\/wp-json\/wp\/v2\/users\/1"}],"replies":[{"embeddable":true,"href":"https:\/\/medovasamota.cz\/domains\/medovasamota.cz\/wp-json\/wp\/v2\/comments?post=182"}],"version-history":[{"count":33,"href":"https:\/\/medovasamota.cz\/domains\/medovasamota.cz\/wp-json\/wp\/v2\/pages\/182\/revisions"}],"predecessor-version":[{"id":1118,"href":"https:\/\/medovasamota.cz\/domains\/medovasamota.cz\/wp-json\/wp\/v2\/pages\/182\/revisions\/1118"}],"wp:attachment":[{"href":"https:\/\/medovasamota.cz\/domains\/medovasamota.cz\/wp-json\/wp\/v2\/media?parent=182"}],"curies":[{"name":"wp","href":"https:\/\/api.w.org\/{rel}","templated":true}]}}