{"id":33,"date":"2016-10-27T00:37:24","date_gmt":"2016-10-26T22:37:24","guid":{"rendered":"http:\/\/medovasamota.cz\/domains\/medovasamota.cz\/?page_id=33"},"modified":"2026-04-03T20:40:52","modified_gmt":"2026-04-03T18:40:52","slug":"prodej-medu","status":"publish","type":"page","link":"https:\/\/medovasamota.cz\/domains\/medovasamota.cz\/","title":{"rendered":"Nab\u00eddka medu"},"content":{"rendered":"\t\t<div data-elementor-type=\"wp-page\" data-elementor-id=\"33\" class=\"elementor elementor-33\">\n\t\t\t\t<div class=\"elementor-element elementor-element-c986161 e-flex e-con-boxed e-con e-parent\" data-id=\"c986161\" data-element_type=\"container\" data-e-type=\"container\">\n\t\t\t\t\t<div class=\"e-con-inner\">\n\t\t\t\t<div class=\"elementor-element elementor-element-df1cf0c elementor-widget elementor-widget-text-editor\" data-id=\"df1cf0c\" data-element_type=\"widget\" data-e-type=\"widget\" data-widget_type=\"text-editor.default\">\n\t\t\t\t<div class=\"elementor-widget-container\">\n\t\t\t\t\t\t\t\t\t<h2 data-path-to-node=\"3\"><img decoding=\"async\" class=\"emoji\" role=\"img\" draggable=\"false\" src=\"https:\/\/s.w.org\/images\/core\/emoji\/17.0.2\/svg\/1f36f.svg\" alt=\"\ud83c\udf6f\">&nbsp;<strong>N\u00e1\u0161 med: To nejlep\u0161\u00ed z p\u0159\u00edrody<\/strong><\/h2>\n<p data-path-to-node=\"4\"><span style=\"font-size: 18pt;\">Ochutnejte poctiv\u00fd med p\u0159\u00edmo od v\u010dela\u0159e. <b data-path-to-node=\"4\" data-index-in-node=\"67\">Med nech\u00e1v\u00e1me v \u00falu co nejd\u00e9le<\/b>, aby obsahoval <b data-path-to-node=\"4\" data-index-in-node=\"52\">pestrou sm\u011bs nektar\u016f<\/b>, kterou pro V\u00e1s v\u010dely nasb\u00edraly na divok\u00fdch t\u0159e\u0161\u0148\u00edch, na rozkvetl\u00fdch louk\u00e1ch a pol\u00edch, na vo\u0148av\u00fdch l\u00edp\u00e1ch. D<\/span><span style=\"font-size: 18pt;\">\u00edky tomuto trp\u011bliv\u00e9mu p\u0159\u00edstupu z\u00edsk\u00e1v\u00e1 med svou <\/span><span style=\"font-size: 18pt;\">n\u00e1dhernou&nbsp;<b data-path-to-node=\"5\" data-index-in-node=\"41\">zlatavou barvu a bohatou, vyv\u00e1\u017eenou chu\u0165<\/b>, ve kter\u00e9 uc\u00edt\u00edte rozmanitost \u010desk\u00e9 p\u0159\u00edrody.&nbsp;<\/span><\/p>\n<p data-path-to-node=\"5\"><span style=\"font-size: 12pt;\"><b data-path-to-node=\"5\" data-index-in-node=\"51\">V\u011bd\u011bli jste, \u017ee&#8230; <\/b>sm\u00ed\u0161en\u00e9 kv\u011btov\u00e9 medy jsou odborn\u00edky hodnoceny jako<b data-path-to-node=\"5\" data-index-in-node=\"51\">&nbsp;nejchutn\u011bj\u0161\u00ed?<\/b> P\u0159i profesion\u00e1ln\u00edch testech, kdy se hodnotitel\u00e9 soust\u0159ed\u00ed pouze na chu\u0165 a v\u016fni, v\u00edt\u011bz\u00ed pr\u00e1v\u011b tyto pestr\u00e9 sm\u011bsi.&nbsp;<\/span><\/p>\t\t\t\t\t\t\t\t<\/div>\n\t\t\t\t<\/div>\n\t\t<div class=\"elementor-element elementor-element-80b0544 e-con-full e-flex e-con e-child\" data-id=\"80b0544\" data-element_type=\"container\" data-e-type=\"container\">\n\t\t<div class=\"elementor-element elementor-element-e4f04aa e-con-full e-flex e-con e-child\" data-id=\"e4f04aa\" data-element_type=\"container\" data-e-type=\"container\">\n\t\t\t\t<div class=\"elementor-element elementor-element-6710f67 elementor-widget elementor-widget-text-editor\" data-id=\"6710f67\" data-element_type=\"widget\" data-e-type=\"widget\" data-widget_type=\"text-editor.default\">\n\t\t\t\t<div class=\"elementor-widget-container\">\n\t\t\t\t\t\t\t\t\t<h2 data-path-to-node=\"9\">\ud83d\udecd\ufe0f <strong>Aktu\u00e1ln\u00ed nab\u00eddka<\/strong><\/h2><table data-path-to-node=\"11\"><thead><tr><td><span style=\"font-size: 24pt;\"><strong>Druh medu<\/strong><\/span><\/td><td><span style=\"font-size: 24pt;\"><strong>Balen\u00ed a sklenice<\/strong><\/span><\/td><td><span style=\"font-size: 24pt;\"><strong>Cena<\/strong><\/span><\/td><\/tr><\/thead><tbody><tr><td><span style=\"font-size: 24pt;\" data-path-to-node=\"11,1,0,0\"><b data-path-to-node=\"11,1,0,0\" data-index-in-node=\"0\">Med kv\u011btov\u00fd<\/b> (tekut\u00fd)<\/span><\/td><td><span style=\"font-size: 24pt;\" data-path-to-node=\"11,1,1,0\">1 kg \u2013 svazov\u00e1 sklenice se v\u010delkou<\/span><\/td><td><span style=\"font-size: 24pt;\" data-path-to-node=\"11,1,2,0\"><b data-path-to-node=\"11,1,2,0\" data-index-in-node=\"0\">245 K\u010d<\/b><\/span><\/td><\/tr><tr><td><span style=\"font-size: 24pt;\" data-path-to-node=\"11,2,0,0\"><b data-path-to-node=\"11,2,0,0\" data-index-in-node=\"0\">Med kv\u011btov\u00fd pastov\u00fd<\/b><\/span><\/td><td><span style=\"font-size: 24pt;\" data-path-to-node=\"11,2,1,0\">1 kg \u2013 svazov\u00e1 sklenice se v\u010delkou<\/span><\/td><td><span style=\"font-size: 24pt;\" data-path-to-node=\"11,2,2,0\"><b data-path-to-node=\"11,2,2,0\" data-index-in-node=\"0\">260 K\u010d<\/b><\/span><\/td><\/tr><tr><td><span style=\"font-size: 24pt;\" data-path-to-node=\"11,3,0,0\"><b data-path-to-node=\"11,3,0,0\" data-index-in-node=\"0\">Med kv\u011btov\u00fd \/ pastov\u00fd<\/b><\/span><\/td><td><span style=\"font-size: 24pt;\" data-path-to-node=\"11,3,1,0\">670 g \u2013 elegantn\u00ed sklenice Amfora<\/span><\/td><td><span style=\"font-size: 24pt;\" data-path-to-node=\"11,3,2,0\"><b data-path-to-node=\"11,3,2,0\" data-index-in-node=\"0\">200 K\u010d<\/b><\/span><\/td><\/tr><\/tbody><\/table>\t\t\t\t\t\t\t\t<\/div>\n\t\t\t\t<\/div>\n\t\t\t\t<\/div>\n\t\t\t\t<\/div>\n\t\t<div class=\"elementor-element elementor-element-2be3c88 e-grid e-con-full e-con e-child\" data-id=\"2be3c88\" data-element_type=\"container\" data-e-type=\"container\">\n\t\t\t\t<div class=\"elementor-element elementor-element-7b81cde elementor-widget elementor-widget-text-editor\" data-id=\"7b81cde\" data-element_type=\"widget\" data-e-type=\"widget\" data-widget_type=\"text-editor.default\">\n\t\t\t\t<div class=\"elementor-widget-container\">\n\t\t\t\t\t\t\t\t\t<p style=\"text-align: center;\"><span style=\"color: #000000; font-size: 24pt;\"><strong><img fetchpriority=\"high\" decoding=\"async\" class=\"aligncenter size-large wp-image-238\" src=\"https:\/\/medovasamota.cz\/domains\/medovasamota.cz\/wp-content\/uploads\/2016\/10\/vytr\u00edna-3-e1695290025493-777x1024.jpg\" alt=\"\" width=\"525\" height=\"692\" srcset=\"https:\/\/medovasamota.cz\/domains\/medovasamota.cz\/wp-content\/uploads\/2016\/10\/vytr\u00edna-3-e1695290025493-777x1024.jpg 777w, https:\/\/medovasamota.cz\/domains\/medovasamota.cz\/wp-content\/uploads\/2016\/10\/vytr\u00edna-3-e1695290025493-228x300.jpg 228w, https:\/\/medovasamota.cz\/domains\/medovasamota.cz\/wp-content\/uploads\/2016\/10\/vytr\u00edna-3-e1695290025493-768x1012.jpg 768w, https:\/\/medovasamota.cz\/domains\/medovasamota.cz\/wp-content\/uploads\/2016\/10\/vytr\u00edna-3-e1695290025493.jpg 854w\" sizes=\"(max-width: 525px) 100vw, 525px\" \/><\/strong><\/span><\/p><p>\u00a0<\/p><p style=\"text-align: center;\"><span style=\"color: #000000; font-size: 24pt;\"><strong>MED KV\u011aTOV\u00dd<\/strong><\/span><\/p>\t\t\t\t\t\t\t\t<\/div>\n\t\t\t\t<\/div>\n\t\t\t\t<div class=\"elementor-element elementor-element-754576a elementor-widget elementor-widget-text-editor\" data-id=\"754576a\" data-element_type=\"widget\" data-e-type=\"widget\" data-widget_type=\"text-editor.default\">\n\t\t\t\t<div class=\"elementor-widget-container\">\n\t\t\t\t\t\t\t\t\t<p><img decoding=\"async\" class=\"aligncenter size-large wp-image-635\" src=\"https:\/\/medovasamota.cz\/domains\/medovasamota.cz\/wp-content\/uploads\/2023\/09\/med-pastovy-700x1024.jpg\" alt=\"\" width=\"525\" height=\"768\" srcset=\"https:\/\/medovasamota.cz\/domains\/medovasamota.cz\/wp-content\/uploads\/2023\/09\/med-pastovy-700x1024.jpg 700w, https:\/\/medovasamota.cz\/domains\/medovasamota.cz\/wp-content\/uploads\/2023\/09\/med-pastovy-205x300.jpg 205w, https:\/\/medovasamota.cz\/domains\/medovasamota.cz\/wp-content\/uploads\/2023\/09\/med-pastovy.jpg 764w\" sizes=\"(max-width: 525px) 100vw, 525px\" \/><\/p><p style=\"text-align: center;\"><span style=\"font-size: 24pt; color: #000000;\"><strong>MED PASTOV\u00dd<\/strong><\/span><\/p>\t\t\t\t\t\t\t\t<\/div>\n\t\t\t\t<\/div>\n\t\t\t\t<div class=\"elementor-element elementor-element-ed1cf11 elementor-widget elementor-widget-text-editor\" data-id=\"ed1cf11\" data-element_type=\"widget\" data-e-type=\"widget\" data-widget_type=\"text-editor.default\">\n\t\t\t\t<div class=\"elementor-widget-container\">\n\t\t\t\t\t\t\t\t\t<p style=\"text-align: center;\"><img decoding=\"async\" class=\"wp-image-634 size-large\" src=\"https:\/\/medovasamota.cz\/domains\/medovasamota.cz\/wp-content\/uploads\/2023\/09\/med-amfora-697x1024.jpg\" alt=\"\" width=\"525\" height=\"771\" srcset=\"https:\/\/medovasamota.cz\/domains\/medovasamota.cz\/wp-content\/uploads\/2023\/09\/med-amfora-697x1024.jpg 697w, https:\/\/medovasamota.cz\/domains\/medovasamota.cz\/wp-content\/uploads\/2023\/09\/med-amfora-204x300.jpg 204w, https:\/\/medovasamota.cz\/domains\/medovasamota.cz\/wp-content\/uploads\/2023\/09\/med-amfora.jpg 769w\" sizes=\"(max-width: 525px) 100vw, 525px\" \/><\/p><p style=\"text-align: center;\">\u00a0<span style=\"color: #000000; font-size: 24pt;\"><strong>MED AMFORA<\/strong><\/span><\/p>\t\t\t\t\t\t\t\t<\/div>\n\t\t\t\t<\/div>\n\t\t\t\t<\/div>\n\t\t\t\t\t<\/div>\n\t\t\t\t<\/div>\n\t\t<div class=\"elementor-element elementor-element-0fc081e e-flex e-con-boxed e-con e-parent\" data-id=\"0fc081e\" data-element_type=\"container\" data-e-type=\"container\">\n\t\t\t\t\t<div class=\"e-con-inner\">\n\t\t\t\t<div class=\"elementor-element elementor-element-8a82c12 elementor-widget elementor-widget-text-editor\" data-id=\"8a82c12\" data-element_type=\"widget\" data-e-type=\"widget\" data-widget_type=\"text-editor.default\">\n\t\t\t\t<div class=\"elementor-widget-container\">\n\t\t\t\t\t\t\t\t\t<h2 data-path-to-node=\"3\"><b data-path-to-node=\"3\" data-index-in-node=\"0\">Profesion\u00e1ln\u00ed z\u00e1zem\u00ed: Kde pracujeme s medem<\/b> <img decoding=\"async\" class=\"emoji\" role=\"img\" draggable=\"false\" src=\"https:\/\/s.w.org\/images\/core\/emoji\/17.0.2\/svg\/1f36f.svg\" alt=\"\ud83c\udf6f\"><\/h2>\n<p data-path-to-node=\"4\"><span style=\"font-size: 18pt;\">V\u011b\u0159\u00edme, \u017ee poctiv\u00fd med si zaslou\u017e\u00ed \u0161pi\u010dkovou p\u00e9\u010di. Proto jsme vybudovali z\u00e1zem\u00ed, kter\u00e9 kombinuje tradi\u010dn\u00ed v\u010dela\u0159stv\u00ed s modern\u00edmi technologiemi. To n\u00e1m umo\u017e\u0148uje \u0161etrn\u00e9 a hygienick\u00e9 z\u00edsk\u00e1v\u00e1n\u00ed medu.&nbsp;&nbsp;<\/span><b style=\"font-size: 18pt; color: #333333;\" data-path-to-node=\"5\" data-index-in-node=\"0\"><\/b><\/p>\n<p data-path-to-node=\"4\"><b style=\"font-size: 18pt;\" data-path-to-node=\"6,0,0\" data-index-in-node=\"0\"><span style=\"font-size: 18pt;\" data-path-to-node=\"8,0,0\" data-index-in-node=\"0\">Velkokapacitn\u00ed nerezov\u00fd medomet:<\/span><span style=\"font-weight: 400; font-size: 18pt;\">&nbsp;Pou\u017e\u00edv\u00e1me profesion\u00e1ln\u00ed nerezov\u00e9 za\u0159\u00edzen\u00ed, kter\u00e9 vyt\u00e1\u010d\u00ed med \u0161etrn\u011b, efektivn\u011b a v maxim\u00e1ln\u00ed \u010distot\u011b.<\/span><\/b><\/p>\n<p data-path-to-node=\"4\"><b style=\"font-size: 18pt;\" data-path-to-node=\"6,1,0\" data-index-in-node=\"0\">Vykachli\u010dkovan\u00e1 med\u00e1rna:<\/b><span style=\"font-size: 18pt;\"> Med z\u00edsk\u00e1v\u00e1me a zpracov\u00e1v\u00e1me ve sv\u011btl\u00e9, specializovan\u00e9 m\u00edstnosti, kde je \u010distota obvzl\u00e1\u0161t\u011b d\u016fle\u017eit\u00e1.<\/span><\/p>\n<p data-path-to-node=\"4\"><b style=\"font-size: 18pt;\" data-path-to-node=\"6,2,0\" data-index-in-node=\"0\">Odvlh\u010dov\u00e1n\u00ed vzduchu:<\/b><span style=\"font-size: 18pt;\"> Aby m\u011bl n\u00e1\u0161 med co nejni\u017e\u0161\u00ed obsah vody a byl kr\u00e1sn\u011b hust\u00fd, pou\u017e\u00edv\u00e1me v med\u00e1rn\u011b v\u00fdkonn\u00fd odvlh\u010dova\u010d. T\u00edm eliminujeme riziko kva\u0161en\u00ed a chr\u00e1n\u00edme p\u0159irozenou kvalitu medu.<\/span><\/p>\n<p data-path-to-node=\"4\"><b style=\"font-size: 18pt;\" data-path-to-node=\"8,2,0\" data-index-in-node=\"0\">Pastov\u00e1n\u00ed v nerezu:<\/b><span style=\"font-size: 18pt;\"> Pro milovn\u00edky kr\u00e9mov\u00e9ho medu m\u00e1me speci\u00e1ln\u00ed pastovac\u00ed za\u0159\u00edzen\u00ed s nerezovou n\u00e1dobou, kter\u00e9 med jemn\u011b prom\u00edch\u00e1v\u00e1, dokud nez\u00edsk\u00e1 ide\u00e1ln\u00ed konzistenci.<\/span><\/p>\n<p data-path-to-node=\"4\"><b style=\"font-size: 18pt;\" data-path-to-node=\"8,1,0\" data-index-in-node=\"0\">Jemn\u00e1 filtrace (Uhelon):<\/b><span style=\"font-size: 18pt;\"> P\u0159ed lahvov\u00e1n\u00edm med pe\u010dliv\u011b ced\u00edme p\u0159es speci\u00e1ln\u00ed uhelonov\u00e1 s\u00edta. Ta zachyt\u00ed i ty nejmen\u0161\u00ed ne\u010distoty a zbytky vosku, ale ponechaj\u00ed v medu cenn\u00e9 pylov\u00e9 \u010d\u00e1stice.<\/span><\/p>\n<p data-path-to-node=\"4\"><b style=\"font-size: 18pt;\" data-path-to-node=\"6,0,0\" data-index-in-node=\"0\">Rychl\u00fd a n\u00edzkostresov\u00fd odb\u011br r\u00e1mk\u016f z \u00falu:<\/b><span style=\"font-size: 18pt;\"> P\u0159i odb\u011bru medu pou\u017e\u00edv\u00e1me akumul\u00e1torov\u00fd vyfukova\u010d v\u010del Makita. Pro v\u010dely je to \u0161etrn\u011bj\u0161\u00ed a rychlej\u0161\u00ed ne\u017e klasick\u00e9 omet\u00e1n\u00ed, d\u00edky \u010demu\u017e z\u016fst\u00e1v\u00e1 v\u010delnice v klidu.<\/span><\/p>\n<p data-path-to-node=\"4\"><b style=\"font-size: 18pt;\" data-path-to-node=\"10,0,0\" data-index-in-node=\"0\">Certifikovan\u00e9 n\u00e1doby:<\/b><span style=\"font-size: 18pt;\"> Vyto\u010den\u00fd med na V\u00e1s \u010dek\u00e1 v n\u00e1dob\u00e1ch z atestovan\u00e9ho potravin\u00e1\u0159sk\u00e9ho plastu. Tyto obaly jsou ur\u010deny p\u0159\u00edmo pro uchov\u00e1v\u00e1n\u00ed potravin, neovliv\u0148uj\u00ed chu\u0165 ani v\u016fni medu a zaru\u010duj\u00ed jeho stoprocentn\u00ed zdravotn\u00ed nez\u00e1vadnost.<\/span><\/p>\n<blockquote data-path-to-node=\"11\">\n<p data-path-to-node=\"11,0\"><b data-path-to-node=\"11,0\" data-index-in-node=\"0\">N\u00e1\u0161 c\u00edl je jasn\u00fd:<\/b> Dostat k v\u00e1m na st\u016fl med v t\u00e9 nej\u010dist\u0161\u00ed podob\u011b, jakou mu daly v\u010dely.<\/p>\n<\/blockquote>\t\t\t\t\t\t\t\t<\/div>\n\t\t\t\t<\/div>\n\t\t\t\t\t<\/div>\n\t\t\t\t<\/div>\n\t\t<div class=\"elementor-element elementor-element-b9d4e00 e-flex e-con-boxed e-con e-parent\" data-id=\"b9d4e00\" data-element_type=\"container\" data-e-type=\"container\">\n\t\t\t\t\t<div class=\"e-con-inner\">\n\t\t\t\t<div class=\"elementor-element elementor-element-9ad6914 elementor-widget elementor-widget-text-editor\" data-id=\"9ad6914\" data-element_type=\"widget\" data-e-type=\"widget\" data-widget_type=\"text-editor.default\">\n\t\t\t\t<div class=\"elementor-widget-container\">\n\t\t\t\t\t\t\t\t\t<h2 data-path-to-node=\"14\"><img decoding=\"async\" class=\"emoji\" role=\"img\" draggable=\"false\" src=\"https:\/\/s.w.org\/images\/core\/emoji\/17.0.2\/svg\/2728.svg\" alt=\"\u2728\" \/> <strong>Poznejte pastov\u00fd med<\/strong><\/h2><p data-path-to-node=\"15\"><span style=\"font-size: 18pt;\">Pastov\u00fd med je u na\u0161ich z\u00e1kazn\u00edk\u016f \u010d\u00edm d\u00e1l obl\u00edben\u011bj\u0161\u00ed. Jde o 100% p\u0159\u00edrodn\u00ed kv\u011btov\u00fd med, kter\u00fd d\u00edky \u0161etrn\u00e9mu m\u00edch\u00e1n\u00ed b\u011bhem krystalizace z\u00edskal unik\u00e1tn\u00ed vlastnosti:<\/span><\/p><ul data-path-to-node=\"16\"><li><p data-path-to-node=\"16,0,0\"><span style=\"font-size: 18pt;\"><b data-path-to-node=\"16,0,0\" data-index-in-node=\"0\">Nete\u010de z chleba:<\/b> Konzistenc\u00ed p\u0159ipom\u00edn\u00e1 \u201ezdravou nutellu\u201c a skv\u011ble se rozt\u00edr\u00e1.<\/span><\/p><\/li><li><p data-path-to-node=\"16,1,0\"><span style=\"font-size: 18pt;\"><b data-path-to-node=\"16,1,0\" data-index-in-node=\"0\">Ide\u00e1ln\u00ed pro d\u011bti:<\/b> Je jemn\u00fd, nekrystalizuje do tvrd\u00fdch kousk\u016f a z\u016fst\u00e1v\u00e1 st\u00e1le vl\u00e1\u010dn\u00fd.<\/span><\/p><\/li><li><p data-path-to-node=\"16,2,0\"><span style=\"font-size: 18pt;\"><b data-path-to-node=\"16,2,0\" data-index-in-node=\"0\">Zachov\u00e1n\u00ed kvality:<\/b> Do medu nic nep\u0159id\u00e1v\u00e1me. P\u0159i pastov\u00e1n\u00ed enzymy a vitam\u00edny z\u016fst\u00e1vaj\u00ed zachov\u00e1ny.<\/span><\/p><\/li><\/ul><hr style=\"font-family: 'Google Sans Text', sans-serif !important; line-height: 1.15 !important;\" data-path-to-node=\"11\" \/><h2 style=\"font-family: 'Google Sans', sans-serif !important; line-height: 1.15 !important;\" data-path-to-node=\"12\"><img decoding=\"async\" class=\"emoji\" role=\"img\" draggable=\"false\" src=\"https:\/\/s.w.org\/images\/core\/emoji\/17.0.2\/svg\/1f52c.svg\" alt=\"\ud83d\udd2c\" \/> <strong>Krystalizace: D\u016fkaz pravosti<\/strong><\/h2><p style=\"font-family: 'Google Sans Text', sans-serif !important; line-height: 1.15 !important;\" data-path-to-node=\"13\"><span style=\"font-size: 18pt;\">\u010casto sly\u0161\u00edme o \u201ecukernat\u011bn\u00ed\u201c, ale nenechte se zm\u00e1st \u2013 <b style=\"line-height: 1.15 !important; margin-top: 0px !important;\" data-path-to-node=\"13\" data-index-in-node=\"56\">krystalizace je zcela p\u0159irozen\u00fd jev<\/b>. Je to naopak d\u016fkaz, \u017ee med je kvalitn\u00ed, nebyl tepeln\u011b po\u0161kozen ani nijak o\u0161izen. Ka\u017ed\u00fd prav\u00fd kv\u011btov\u00fd med d\u0159\u00edve \u010di pozd\u011bji ztuhne.<\/span><\/p><p data-path-to-node=\"21\"><span style=\"font-size: 18pt;\"><b data-path-to-node=\"21\" data-index-in-node=\"0\">Jak med op\u011bt ztekutit?<\/b> Pokud preferujete tekutou formu, vlo\u017ete sklenici do vodn\u00ed l\u00e1zn\u011b a pomalu zah\u0159\u00edvejte na teplotu <b data-path-to-node=\"21\" data-index-in-node=\"118\">do 45 \u00b0C<\/b>. Vy\u0161\u0161\u00ed teploty by zni\u010dily vz\u00e1cn\u00e9 enzymy. Po\u010d\u00edtejte s t\u00edm, \u017ee med po \u010dase op\u011bt p\u0159irozen\u011b zkrystalizuje.<\/span><\/p><h3 data-path-to-node=\"22\"><span style=\"font-size: 18pt;\"><b data-path-to-node=\"22\" data-index-in-node=\"0\">Spr\u00e1vn\u00e9 skladov\u00e1n\u00ed<\/b><\/span><\/h3><p data-path-to-node=\"23\"><span style=\"font-size: 18pt;\">P\u0159i dodr\u017een\u00ed t\u011bchto pravidel v\u00e1m med vydr\u017e\u00ed roky v perfektn\u00ed kondici:<\/span><\/p><ul data-path-to-node=\"24\"><li><p data-path-to-node=\"24,0,0\"><span style=\"font-size: 18pt;\"><b data-path-to-node=\"24,0,0\" data-index-in-node=\"0\">V suchu a temnu:<\/b> Med pohlcuje vlhkost ze vzduchu a nem\u00e1 r\u00e1d p\u0159\u00edm\u00e9 slunce.<\/span><\/p><\/li><li><p data-path-to-node=\"24,1,0\"><span style=\"font-size: 18pt;\"><b data-path-to-node=\"24,1,0\" data-index-in-node=\"0\">Dob\u0159e uzav\u0159en\u00fd:<\/b> V\u017edy pe\u010dliv\u011b dotahujte v\u00ed\u010dko, aby med neztr\u00e1cel sv\u00e9 aroma.<\/span><\/p><\/li><li><p data-path-to-node=\"24,2,0\"><span style=\"font-size: 18pt;\"><b data-path-to-node=\"24,2,0\" data-index-in-node=\"0\">V chladu:<\/b> Ide\u00e1ln\u00ed je teplota <b data-path-to-node=\"24,2,0\" data-index-in-node=\"29\">pod 18 \u00b0C<\/b>. \u010c\u00edm ni\u017e\u0161\u00ed teplota, t\u00edm pomaleji med st\u00e1rne.<\/span><\/p><\/li><\/ul><h2 data-path-to-node=\"26\"><img decoding=\"async\" class=\"emoji\" role=\"img\" draggable=\"false\" src=\"https:\/\/s.w.org\/images\/core\/emoji\/17.0.2\/svg\/1f4de.svg\" alt=\"\ud83d\udcde\" \/> <strong>M\u00e1te chu\u0165 na n\u00e1\u0161 med?<\/strong><\/h2><p data-path-to-node=\"27\"><span style=\"font-size: 18pt;\">R\u00e1di v\u00e1m med p\u0159iprav\u00edme k osobn\u00edmu odb\u011bru. Pro objedn\u00e1vky n\u00e1s kontaktujte:<\/span><\/p><ul data-path-to-node=\"28\"><li><p data-path-to-node=\"28,0,0\"><span style=\"font-size: 18pt;\"><b data-path-to-node=\"28,0,0\" data-index-in-node=\"0\">Telefon:<\/b> +420 777 913 531<\/span><\/p><\/li><li><p data-path-to-node=\"28,1,0\"><span style=\"font-size: 18pt;\"><b data-path-to-node=\"28,1,0\" data-index-in-node=\"0\">Adresa:<\/b>\u00a0\u0160tolm\u00ed\u0159 99, 282 01 \u010cesk\u00fd Brod &#8211; samota mezi Kounicemi a \u010cesk\u00fdm Brodem<\/span><\/p><\/li><li><p data-path-to-node=\"28,1,0\"><span style=\"font-size: 18pt;\">K zasti\u017een\u00ed jsme prakticky ka\u017ed\u00fd den mezi 8 a 20 hodinou. Pokud jedete z v\u011bt\u0161\u00ed d\u00e1lky, rad\u011bji dop\u0159edu volejte.<\/span><\/p><\/li><\/ul>\t\t\t\t\t\t\t\t<\/div>\n\t\t\t\t<\/div>\n\t\t\t\t\t<\/div>\n\t\t\t\t<\/div>\n\t\t\t\t<\/div>\n\t\t","protected":false},"excerpt":{"rendered":"<p>&nbsp;N\u00e1\u0161 med: To nejlep\u0161\u00ed z p\u0159\u00edrody Ochutnejte poctiv\u00fd med p\u0159\u00edmo od v\u010dela\u0159e. Med nech\u00e1v\u00e1me v \u00falu co nejd\u00e9le, aby obsahoval pestrou sm\u011bs nektar\u016f, kterou pro V\u00e1s v\u010dely nasb\u00edraly na divok\u00fdch t\u0159e\u0161\u0148\u00edch, na rozkvetl\u00fdch louk\u00e1ch a pol\u00edch, na vo\u0148av\u00fdch l\u00edp\u00e1ch. D\u00edky tomuto trp\u011bliv\u00e9mu p\u0159\u00edstupu z\u00edsk\u00e1v\u00e1 med svou n\u00e1dhernou&nbsp;zlatavou barvu a bohatou, vyv\u00e1\u017eenou chu\u0165, ve kter\u00e9 uc\u00edt\u00edte &hellip; <\/p>\n<p class=\"link-more\"><a href=\"https:\/\/medovasamota.cz\/domains\/medovasamota.cz\/\" class=\"more-link\">Pokra\u010dovat ve \u010dten\u00ed<span class=\"screen-reader-text\"> &#8222;Nab\u00eddka medu&#8220;<\/span><\/a><\/p>\n","protected":false},"author":1,"featured_media":0,"parent":0,"menu_order":0,"comment_status":"closed","ping_status":"closed","template":"elementor_header_footer","meta":{"footnotes":""},"class_list":["post-33","page","type-page","status-publish","hentry"],"_links":{"self":[{"href":"https:\/\/medovasamota.cz\/domains\/medovasamota.cz\/wp-json\/wp\/v2\/pages\/33","targetHints":{"allow":["GET"]}}],"collection":[{"href":"https:\/\/medovasamota.cz\/domains\/medovasamota.cz\/wp-json\/wp\/v2\/pages"}],"about":[{"href":"https:\/\/medovasamota.cz\/domains\/medovasamota.cz\/wp-json\/wp\/v2\/types\/page"}],"author":[{"embeddable":true,"href":"https:\/\/medovasamota.cz\/domains\/medovasamota.cz\/wp-json\/wp\/v2\/users\/1"}],"replies":[{"embeddable":true,"href":"https:\/\/medovasamota.cz\/domains\/medovasamota.cz\/wp-json\/wp\/v2\/comments?post=33"}],"version-history":[{"count":181,"href":"https:\/\/medovasamota.cz\/domains\/medovasamota.cz\/wp-json\/wp\/v2\/pages\/33\/revisions"}],"predecessor-version":[{"id":1105,"href":"https:\/\/medovasamota.cz\/domains\/medovasamota.cz\/wp-json\/wp\/v2\/pages\/33\/revisions\/1105"}],"wp:attachment":[{"href":"https:\/\/medovasamota.cz\/domains\/medovasamota.cz\/wp-json\/wp\/v2\/media?parent=33"}],"curies":[{"name":"wp","href":"https:\/\/api.w.org\/{rel}","templated":true}]}}