{"id":82,"date":"2016-10-27T22:38:45","date_gmt":"2016-10-27T20:38:45","guid":{"rendered":"http:\/\/medovasamota.cz\/domains\/medovasamota.cz\/?page_id=82"},"modified":"2026-04-03T17:34:33","modified_gmt":"2026-04-03T15:34:33","slug":"stenata","status":"publish","type":"page","link":"https:\/\/medovasamota.cz\/domains\/medovasamota.cz\/stenata\/","title":{"rendered":"\u0160t\u011b\u0148ata"},"content":{"rendered":"\t\t<div data-elementor-type=\"wp-page\" data-elementor-id=\"82\" class=\"elementor elementor-82\">\n\t\t\t\t<div class=\"elementor-element elementor-element-296097db e-flex e-con-boxed e-con e-parent\" data-id=\"296097db\" data-element_type=\"container\" data-e-type=\"container\">\n\t\t\t\t\t<div class=\"e-con-inner\">\n\t\t\t\t<div class=\"elementor-element elementor-element-51afc339 elementor-widget elementor-widget-text-editor\" data-id=\"51afc339\" data-element_type=\"widget\" data-e-type=\"widget\" data-widget_type=\"text-editor.default\">\n\t\t\t\t<div class=\"elementor-widget-container\">\n\t\t\t\t\t\t\t\t\t<p style=\"text-align: center;\"><span style=\"font-size: 18pt; color: #000000;\"><strong><span style=\"font-size: 24pt;\">SAO &#8211; <\/span><\/strong><\/span><span style=\"font-size: 18pt; color: #000000;\"><strong><span style=\"font-size: 24pt;\">ST\u0158EDOASIJSK\u00dd PASTEVECK\u00dd PES &#8211; ALABAI<\/span><\/strong><\/span><\/p><p style=\"text-align: center;\"><em style=\"color: #ff0000; font-size: 24pt; text-decoration-line: underline;\"><strong>\u0161t\u011b\u0148ata s PP od FCI &#8211; narozena 13.1.2026 &#8211;\u00a0 VRH D\u00a0<\/strong><\/em><\/p><p style=\"text-align: center;\"><span style=\"color: #00ccff; font-size: 24pt; font-family: impact, sans-serif;\">POSLEDN\u00cd VOLN\u00dd PEJSEK &#8222;DON&#8220;, kr\u00e1sn\u00e9 zv\u011bdav\u00e9 \u0161t\u011bn\u011b.<\/span><\/p><p style=\"text-align: center;\"><span style=\"font-size: 18pt;\"><strong>o: UMAN TERLUX + m: BAKIRRA AZAT-GAN<\/strong><\/span><\/p><p><img fetchpriority=\"high\" decoding=\"async\" class=\"wp-image-936 size-full aligncenter\" src=\"https:\/\/medovasamota.cz\/domains\/medovasamota.cz\/wp-content\/uploads\/2026\/03\/skupinka22.jpg\" alt=\"\" width=\"415\" height=\"585\" srcset=\"https:\/\/medovasamota.cz\/domains\/medovasamota.cz\/wp-content\/uploads\/2026\/03\/skupinka22.jpg 415w, https:\/\/medovasamota.cz\/domains\/medovasamota.cz\/wp-content\/uploads\/2026\/03\/skupinka22-213x300.jpg 213w\" sizes=\"(max-width: 415px) 100vw, 415px\" \/> <img decoding=\"async\" class=\"aligncenter wp-image-937 size-full\" src=\"https:\/\/medovasamota.cz\/domains\/medovasamota.cz\/wp-content\/uploads\/2026\/03\/kousanicko-SAO.jpg\" alt=\"\" width=\"943\" height=\"662\" srcset=\"https:\/\/medovasamota.cz\/domains\/medovasamota.cz\/wp-content\/uploads\/2026\/03\/kousanicko-SAO.jpg 943w, https:\/\/medovasamota.cz\/domains\/medovasamota.cz\/wp-content\/uploads\/2026\/03\/kousanicko-SAO-300x211.jpg 300w, https:\/\/medovasamota.cz\/domains\/medovasamota.cz\/wp-content\/uploads\/2026\/03\/kousanicko-SAO-768x539.jpg 768w\" sizes=\"(max-width: 767px) 89vw, (max-width: 1000px) 54vw, (max-width: 1071px) 543px, 580px\" \/> <img decoding=\"async\" class=\"aligncenter wp-image-938 size-full\" src=\"https:\/\/medovasamota.cz\/domains\/medovasamota.cz\/wp-content\/uploads\/2026\/03\/Dakira22.jpg\" alt=\"\" width=\"806\" height=\"590\" srcset=\"https:\/\/medovasamota.cz\/domains\/medovasamota.cz\/wp-content\/uploads\/2026\/03\/Dakira22.jpg 806w, https:\/\/medovasamota.cz\/domains\/medovasamota.cz\/wp-content\/uploads\/2026\/03\/Dakira22-300x220.jpg 300w, https:\/\/medovasamota.cz\/domains\/medovasamota.cz\/wp-content\/uploads\/2026\/03\/Dakira22-768x562.jpg 768w\" sizes=\"(max-width: 767px) 89vw, (max-width: 1000px) 54vw, (max-width: 1071px) 543px, 580px\" \/><\/p><p>Bakirra Azat-Gan<\/p><p><img loading=\"lazy\" decoding=\"async\" class=\"aligncenter size-large wp-image-652\" src=\"https:\/\/medovasamota.cz\/domains\/medovasamota.cz\/wp-content\/uploads\/2024\/01\/Matka-1024x819.jpg\" alt=\"\" width=\"525\" height=\"420\" srcset=\"https:\/\/medovasamota.cz\/domains\/medovasamota.cz\/wp-content\/uploads\/2024\/01\/Matka-1024x819.jpg 1024w, https:\/\/medovasamota.cz\/domains\/medovasamota.cz\/wp-content\/uploads\/2024\/01\/Matka-300x240.jpg 300w, https:\/\/medovasamota.cz\/domains\/medovasamota.cz\/wp-content\/uploads\/2024\/01\/Matka-768x614.jpg 768w, https:\/\/medovasamota.cz\/domains\/medovasamota.cz\/wp-content\/uploads\/2024\/01\/Matka-1536x1229.jpg 1536w, https:\/\/medovasamota.cz\/domains\/medovasamota.cz\/wp-content\/uploads\/2024\/01\/Matka-2048x1638.jpg 2048w\" sizes=\"(max-width: 525px) 100vw, 525px\" \/><\/p><p>Uman Terlux:<\/p><p><img loading=\"lazy\" decoding=\"async\" class=\"aligncenter size-full wp-image-805\" src=\"https:\/\/medovasamota.cz\/domains\/medovasamota.cz\/wp-content\/uploads\/2025\/11\/Uman.jpg\" alt=\"\" width=\"554\" height=\"419\" srcset=\"https:\/\/medovasamota.cz\/domains\/medovasamota.cz\/wp-content\/uploads\/2025\/11\/Uman.jpg 554w, https:\/\/medovasamota.cz\/domains\/medovasamota.cz\/wp-content\/uploads\/2025\/11\/Uman-300x227.jpg 300w\" sizes=\"(max-width: 554px) 100vw, 554px\" \/><\/p><p>________________________________________________________________________________________<\/p><p><strong>vrh C<\/strong><\/p><p><img loading=\"lazy\" decoding=\"async\" class=\"aligncenter size-large wp-image-814\" src=\"https:\/\/medovasamota.cz\/domains\/medovasamota.cz\/wp-content\/uploads\/2025\/11\/C-pejsek-u-novych-panicku-1024x645.jpg\" alt=\"\" width=\"525\" height=\"331\" srcset=\"https:\/\/medovasamota.cz\/domains\/medovasamota.cz\/wp-content\/uploads\/2025\/11\/C-pejsek-u-novych-panicku-1024x645.jpg 1024w, https:\/\/medovasamota.cz\/domains\/medovasamota.cz\/wp-content\/uploads\/2025\/11\/C-pejsek-u-novych-panicku-300x189.jpg 300w, https:\/\/medovasamota.cz\/domains\/medovasamota.cz\/wp-content\/uploads\/2025\/11\/C-pejsek-u-novych-panicku-768x484.jpg 768w, https:\/\/medovasamota.cz\/domains\/medovasamota.cz\/wp-content\/uploads\/2025\/11\/C-pejsek-u-novych-panicku.jpg 1143w\" sizes=\"(max-width: 525px) 100vw, 525px\" \/><\/p><p><img loading=\"lazy\" decoding=\"async\" class=\"aligncenter size-large wp-image-811\" src=\"https:\/\/medovasamota.cz\/domains\/medovasamota.cz\/wp-content\/uploads\/2025\/11\/na-snehu-kumpacka-vrh-C-1024x622.jpg\" alt=\"\" width=\"525\" height=\"319\" srcset=\"https:\/\/medovasamota.cz\/domains\/medovasamota.cz\/wp-content\/uploads\/2025\/11\/na-snehu-kumpacka-vrh-C-1024x622.jpg 1024w, https:\/\/medovasamota.cz\/domains\/medovasamota.cz\/wp-content\/uploads\/2025\/11\/na-snehu-kumpacka-vrh-C-300x182.jpg 300w, https:\/\/medovasamota.cz\/domains\/medovasamota.cz\/wp-content\/uploads\/2025\/11\/na-snehu-kumpacka-vrh-C-768x467.jpg 768w, https:\/\/medovasamota.cz\/domains\/medovasamota.cz\/wp-content\/uploads\/2025\/11\/na-snehu-kumpacka-vrh-C.jpg 1356w\" sizes=\"(max-width: 525px) 100vw, 525px\" \/><\/p><div style=\"width: 525px;\" class=\"wp-video\"><video class=\"wp-video-shortcode\" id=\"video-82-1\" width=\"525\" height=\"296\" preload=\"metadata\" controls=\"controls\"><source type=\"video\/mp4\" src=\"https:\/\/medovasamota.cz\/domains\/medovasamota.cz\/wp-content\/uploads\/2025\/02\/Video-WhatsApp-2025-02-03-v-12.30.03_1193ec4b.mp4?_=1\" \/><a href=\"https:\/\/medovasamota.cz\/domains\/medovasamota.cz\/wp-content\/uploads\/2025\/02\/Video-WhatsApp-2025-02-03-v-12.30.03_1193ec4b.mp4\">https:\/\/medovasamota.cz\/domains\/medovasamota.cz\/wp-content\/uploads\/2025\/02\/Video-WhatsApp-2025-02-03-v-12.30.03_1193ec4b.mp4<\/a><\/video><\/div><p style=\"text-align: left;\"><span style=\"font-size: 12pt; color: #ff0000;\">Vrh B\u00a0<\/span><\/p><p><img loading=\"lazy\" decoding=\"async\" class=\"aligncenter size-large wp-image-812\" src=\"https:\/\/medovasamota.cz\/domains\/medovasamota.cz\/wp-content\/uploads\/2025\/11\/20240225_111502-740x1024.jpg\" alt=\"\" width=\"525\" height=\"726\" srcset=\"https:\/\/medovasamota.cz\/domains\/medovasamota.cz\/wp-content\/uploads\/2025\/11\/20240225_111502-740x1024.jpg 740w, https:\/\/medovasamota.cz\/domains\/medovasamota.cz\/wp-content\/uploads\/2025\/11\/20240225_111502-217x300.jpg 217w, https:\/\/medovasamota.cz\/domains\/medovasamota.cz\/wp-content\/uploads\/2025\/11\/20240225_111502-768x1062.jpg 768w, https:\/\/medovasamota.cz\/domains\/medovasamota.cz\/wp-content\/uploads\/2025\/11\/20240225_111502-1111x1536.jpg 1111w, https:\/\/medovasamota.cz\/domains\/medovasamota.cz\/wp-content\/uploads\/2025\/11\/20240225_111502.jpg 1175w\" sizes=\"(max-width: 525px) 100vw, 525px\" \/><\/p><p><img loading=\"lazy\" decoding=\"async\" class=\"aligncenter size-large wp-image-808\" src=\"https:\/\/medovasamota.cz\/domains\/medovasamota.cz\/wp-content\/uploads\/2025\/11\/Obrazek-WhatsApp-2024-03-17-v-19.06.25_922c3c3a-1024x631.jpg\" alt=\"\" width=\"525\" height=\"324\" \/><\/p><p>n\u00ed\u017ee &#8211; \u0160T\u011a\u0147ATA 8 T\u00ddDN\u016e:<\/p><div style=\"width: 525px;\" class=\"wp-video\"><video class=\"wp-video-shortcode\" id=\"video-82-2\" width=\"525\" height=\"236\" preload=\"metadata\" controls=\"controls\"><source type=\"video\/mp4\" src=\"https:\/\/medovasamota.cz\/domains\/medovasamota.cz\/wp-content\/uploads\/2024\/03\/Video-WhatsApp-2024-03-14-v-17.11.25_2ba8653c.mp4?_=2\" \/><a href=\"https:\/\/medovasamota.cz\/domains\/medovasamota.cz\/wp-content\/uploads\/2024\/03\/Video-WhatsApp-2024-03-14-v-17.11.25_2ba8653c.mp4\">https:\/\/medovasamota.cz\/domains\/medovasamota.cz\/wp-content\/uploads\/2024\/03\/Video-WhatsApp-2024-03-14-v-17.11.25_2ba8653c.mp4<\/a><\/video><\/div><p>__________________________________________________________________________________________________________________________________<\/p><p style=\"text-align: center;\"><span style=\"font-size: 14pt;\"><strong>VRH &#8222;A&#8220;<\/strong><\/span><\/p><p><img loading=\"lazy\" decoding=\"async\" class=\"aligncenter size-full wp-image-807\" src=\"https:\/\/medovasamota.cz\/domains\/medovasamota.cz\/wp-content\/uploads\/2025\/11\/avatar-a-azok.jpg\" alt=\"\" width=\"574\" height=\"439\" srcset=\"https:\/\/medovasamota.cz\/domains\/medovasamota.cz\/wp-content\/uploads\/2025\/11\/avatar-a-azok.jpg 574w, https:\/\/medovasamota.cz\/domains\/medovasamota.cz\/wp-content\/uploads\/2025\/11\/avatar-a-azok-300x229.jpg 300w\" sizes=\"(max-width: 574px) 100vw, 574px\" \/><\/p><ul><li><span style=\"font-size: 1rem;\">\u0160T\u011a\u0147ATA 6 T\u00ddDN\u016e<\/span><\/li><\/ul><p><img loading=\"lazy\" decoding=\"async\" class=\"alignleft size-large wp-image-505\" src=\"https:\/\/medovasamota.cz\/domains\/medovasamota.cz\/wp-content\/uploads\/2016\/10\/IMG-20230226-WA0005-1024x705.jpg\" alt=\"\" width=\"1024\" height=\"705\" srcset=\"https:\/\/medovasamota.cz\/domains\/medovasamota.cz\/wp-content\/uploads\/2016\/10\/IMG-20230226-WA0005-1024x705.jpg 1024w, https:\/\/medovasamota.cz\/domains\/medovasamota.cz\/wp-content\/uploads\/2016\/10\/IMG-20230226-WA0005-300x207.jpg 300w, https:\/\/medovasamota.cz\/domains\/medovasamota.cz\/wp-content\/uploads\/2016\/10\/IMG-20230226-WA0005-768x529.jpg 768w, https:\/\/medovasamota.cz\/domains\/medovasamota.cz\/wp-content\/uploads\/2016\/10\/IMG-20230226-WA0005.jpg 1608w\" sizes=\"(max-width: 767px) 89vw, (max-width: 1000px) 54vw, (max-width: 1071px) 543px, 580px\" \/><\/p>\t\t\t\t\t\t\t\t<\/div>\n\t\t\t\t<\/div>\n\t\t\t\t\t<\/div>\n\t\t\t\t<\/div>\n\t\t\t\t<\/div>\n\t\t","protected":false},"excerpt":{"rendered":"<p>SAO &#8211; ST\u0158EDOASIJSK\u00dd PASTEVECK\u00dd PES &#8211; ALABAI \u0161t\u011b\u0148ata s PP od FCI &#8211; narozena 13.1.2026 &#8211;\u00a0 VRH D\u00a0 POSLEDN\u00cd VOLN\u00dd PEJSEK &#8222;DON&#8220;, kr\u00e1sn\u00e9 zv\u011bdav\u00e9 \u0161t\u011bn\u011b. o: UMAN TERLUX + m: BAKIRRA AZAT-GAN Bakirra Azat-Gan Uman Terlux: ________________________________________________________________________________________ vrh C Vrh B\u00a0 n\u00ed\u017ee &#8211; \u0160T\u011a\u0147ATA 8 T\u00ddDN\u016e: __________________________________________________________________________________________________________________________________ VRH &#8222;A&#8220; \u0160T\u011a\u0147ATA 6 T\u00ddDN\u016e<\/p>\n","protected":false},"author":1,"featured_media":0,"parent":0,"menu_order":0,"comment_status":"closed","ping_status":"closed","template":"elementor_header_footer","meta":{"footnotes":""},"class_list":["post-82","page","type-page","status-publish","hentry"],"_links":{"self":[{"href":"https:\/\/medovasamota.cz\/domains\/medovasamota.cz\/wp-json\/wp\/v2\/pages\/82","targetHints":{"allow":["GET"]}}],"collection":[{"href":"https:\/\/medovasamota.cz\/domains\/medovasamota.cz\/wp-json\/wp\/v2\/pages"}],"about":[{"href":"https:\/\/medovasamota.cz\/domains\/medovasamota.cz\/wp-json\/wp\/v2\/types\/page"}],"author":[{"embeddable":true,"href":"https:\/\/medovasamota.cz\/domains\/medovasamota.cz\/wp-json\/wp\/v2\/users\/1"}],"replies":[{"embeddable":true,"href":"https:\/\/medovasamota.cz\/domains\/medovasamota.cz\/wp-json\/wp\/v2\/comments?post=82"}],"version-history":[{"count":179,"href":"https:\/\/medovasamota.cz\/domains\/medovasamota.cz\/wp-json\/wp\/v2\/pages\/82\/revisions"}],"predecessor-version":[{"id":1056,"href":"https:\/\/medovasamota.cz\/domains\/medovasamota.cz\/wp-json\/wp\/v2\/pages\/82\/revisions\/1056"}],"wp:attachment":[{"href":"https:\/\/medovasamota.cz\/domains\/medovasamota.cz\/wp-json\/wp\/v2\/media?parent=82"}],"curies":[{"name":"wp","href":"https:\/\/api.w.org\/{rel}","templated":true}]}}